{"id":8729,"date":"2023-08-04T09:18:33","date_gmt":"2023-08-04T09:18:33","guid":{"rendered":"https:\/\/herzatlas.com\/?page_id=8729"},"modified":"2023-11-12T12:23:44","modified_gmt":"2023-11-12T12:23:44","slug":"destination-list-2","status":"publish","type":"page","link":"https:\/\/herzatlas.com\/de\/destination-list-2\/","title":{"rendered":"Impressum"},"content":{"rendered":"<div data-elementor-type=\"wp-page\" data-elementor-id=\"8729\" class=\"elementor elementor-8729\">\n\t\t\t\t\t\t\t\t\t<section class=\"elementor-section elementor-top-section elementor-element elementor-element-7d4ae83 elementor-section-boxed elementor-section-height-default elementor-section-height-default mkdf-parallax-row-no mkdf-content-aligment-left mkdf-row-grid-no\" data-id=\"7d4ae83\" data-element_type=\"section\">\n\t\t\t\t\t\t<div class=\"elementor-container elementor-column-gap-default\">\n\t\t\t\t\t<div class=\"elementor-column elementor-col-100 elementor-top-column elementor-element elementor-element-30ce5bc\" data-id=\"30ce5bc\" data-element_type=\"column\">\n\t\t\t<div class=\"elementor-widget-wrap elementor-element-populated\">\n\t\t\t\t\t\t\t\t<div class=\"elementor-element elementor-element-276003c elementor-widget elementor-widget-text-editor\" data-id=\"276003c\" data-element_type=\"widget\" data-widget_type=\"text-editor.default\">\n\t\t\t\t<div class=\"elementor-widget-container\">\n\t\t\t<style>\/*! elementor - v3.14.0 - 26-06-2023 *\/\n.elementor-widget-text-editor.elementor-drop-cap-view-stacked .elementor-drop-cap{background-color:#69727d;color:#fff}.elementor-widget-text-editor.elementor-drop-cap-view-framed .elementor-drop-cap{color:#69727d;border:3px solid;background-color:transparent}.elementor-widget-text-editor:not(.elementor-drop-cap-view-default) .elementor-drop-cap{margin-top:8px}.elementor-widget-text-editor:not(.elementor-drop-cap-view-default) .elementor-drop-cap-letter{width:1em;height:1em}.elementor-widget-text-editor .elementor-drop-cap{float:left;text-align:center;line-height:1;font-size:50px}.elementor-widget-text-editor .elementor-drop-cap-letter{display:inline-block}<\/style>\t\t\t\t<h1 style=\"text-align: center;\">Impressum<\/h1>\t\t\t\t\t\t<\/div>\n\t\t\t\t<\/div>\n\t\t\t\t<div class=\"elementor-element elementor-element-a78f09e elementor-widget elementor-widget-text-editor\" data-id=\"a78f09e\" data-element_type=\"widget\" data-widget_type=\"text-editor.default\">\n\t\t\t\t<div class=\"elementor-widget-container\">\n\t\t\t\t\t\t\t<h3 style=\"text-align: left;\"><span style=\"color: #838383; font-size: 18px; line-height: 30px;\">Kontakt<\/span><\/h3><p style=\"text-align: left;\"><span style=\"color: #838383; font-size: 18px; line-height: 30px;\">Gina G\u00fcnther<br \/>Schwarze Str. 31<br \/>45326 Essen<br \/><\/span><\/p><p style=\"text-align: left;\"><span style=\"color: #838383; font-size: 18px; line-height: 30px;\">E-Mail: <a href=\"mailto:collab@herzatlas.com\">collab@herzatlas.com<\/a><br \/><\/span><\/p><p style=\"text-align: left;\"><span style=\"color: #838383; font-size: 18px; line-height: 30px;\">\u00a0<\/span><\/p><h3 style=\"text-align: left;\"><span style=\"color: #838383; font-size: 18px; line-height: 30px;\">Haftungsausschluss <br \/><\/span><\/h3><p style=\"text-align: left;\"><strong><span style=\"color: #838383; font-size: 18px; line-height: 30px;\">Haftung f\u00fcr Inhalte<\/span><\/strong><\/p><p style=\"text-align: left;\"><span style=\"color: #838383; font-size: 18px; line-height: 30px;\">Als Diensteanbieter sind wir gem\u00e4\u00df \u00a7 7 Abs.1 TMG f\u00fcr eigene Inhalte auf diesen Seiten nach den allgemeinen Gesetzen verantwortlich. Nach \u00a7\u00a7 8 bis 10 TMG sind wir als Diensteanbieter jedoch nicht verpflichtet, \u00fcbermittelte oder gespeicherte fremde Informationen zu \u00fcberwachen oder nach Umst\u00e4nden zu forschen, die auf eine rechtswidrige T\u00e4tigkeit hinweisen.<\/span><span style=\"color: #838383; font-size: 18px; line-height: 30px;\"> Verpflichtungen zur Entfernung oder Sperrung der Nutzung von Informationen nach den allgemeinen Gesetzen bleiben hiervon unber\u00fchrt. Eine diesbez\u00fcgliche Haftung ist jedoch erst ab dem Zeitpunkt der Kenntnis einer konkreten Rechtsverletzung m\u00f6glich. Bei Bekanntwerden von entsprechenden Rechtsverletzungen werden wir diese Inhalte umgehend entfernen.<br \/><\/span><\/p><p style=\"text-align: left;\"><span style=\"color: #838383; font-size: 18px; line-height: 30px;\"><strong>Haftung f\u00fcr Links<\/strong><br \/><\/span><\/p><p style=\"text-align: left;\"><span style=\"color: #838383; font-size: 18px; line-height: 30px;\">Unser Angebot enth\u00e4lt Links zu externen Webseiten Dritter, auf deren Inhalte wir keinen Einfluss haben. Deshalb k\u00f6nnen wir f\u00fcr diese fremden Inhalte auch keine Gew\u00e4hr \u00fcbernehmen. F\u00fcr die Inhalte der verlinkten Seiten ist stets der jeweilige Anbieter oder Betreiber der Seiten verantwortlich. Die verlinkten Seiten wurden zum Zeitpunkt der Verlinkung auf m\u00f6gliche Rechtsverst\u00f6\u00dfe \u00fcberpr\u00fcft. Rechtswidrige Inhalte waren zum Zeitpunkt der Verlinkung nicht erkennbar. Eine permanente inhaltliche Kontrolle der verlinkten Seiten ist jedoch ohne konkrete Anhaltspunkte einer Rechtsverletzung nicht zumutbar. Bei Bekanntwerden von Rechtsverletzungen werden wir derartige Links umgehend entfernen.<\/span><\/p><p style=\"text-align: left;\"><span style=\"color: #838383; font-size: 18px; line-height: 30px;\"><strong>Urheber- und Markenrecht<\/strong><br \/><\/span><\/p><p style=\"text-align: left;\"><span style=\"color: #838383; font-size: 18px; line-height: 30px;\">Der Autor ist bestrebt, in allen Publikationen die Urheberrechte der verwendeten Bilder, Grafiken, Tondokumente, Videosequenzen und Texte zu beachten, von ihm selbst erstellte Bilder, Grafiken, Tondokumente, Videosequenzen und Texte zu nutzen oder auf lizenzfreie Grafiken, Tondokumente zur\u00fcckzugreifen Dokumente, Videosequenzen und Texte. Alle innerhalb des Internetangebotes genannten und ggf. durch Dritte gesch\u00fctzten Marken- und Warenzeichen unterliegen uneingeschr\u00e4nkt den Bestimmungen des jeweils g\u00fcltigen Kennzeichenrechts und den Besitzrechten der jeweiligen eingetragenen Eigent\u00fcmer. Allein aufgrund der blo\u00dfen Nennung ist nicht der Schluss zu ziehen, dass Markenzeichen nicht durch Rechte Dritter gesch\u00fctzt sind! Das Copyright f\u00fcr ver\u00f6ffentlichte, vom Autor selbst erstellte Objekte bleibt allein beim Autor der Seiten. Eine Vervielf\u00e4ltigung oder Verwendung von Objekten wie Grafiken, Sounds oder Texten in anderen elektronischen oder gedruckten Publikationen ist ohne Zustimmung des Autors nicht gestattet. Inhaltlich verantwortlich gem\u00e4\u00df \u00a7 5 TMG ist Gina G\u00fcnther, Kontaktdaten siehe oben.<br \/><\/span><\/p><p style=\"text-align: left;\"><span style=\"color: #838383; font-size: 18px; line-height: 30px;\">Quelle: <a href=\"http:\/\/www.e-recht24.de\" target=\"_blank\" rel=\"noopener\">http:\/\/www.e-recht24.de<\/a><\/span><\/p>\t\t\t\t\t\t<\/div>\n\t\t\t\t<\/div>\n\t\t\t\t\t<\/div>\n\t\t<\/div>\n\t\t\t\t\t\t\t<\/div>\n\t\t<\/section>\n\t\t\t\t\t\t\t<\/div>","protected":false},"excerpt":{"rendered":"<p>ImprinT CONTACT Gina G\u00fcntherSchwarze Str. 3145326 Essen Email: collab@herzatlas.com \u00a0 DISCLAIMER Liability for contents As a service provider, we are responsible for our own content on these pages in accordance with general legislation pursuant to \u00a7 7 paragraph 1 of [&hellip;]<\/p>","protected":false},"author":1,"featured_media":0,"parent":0,"menu_order":0,"comment_status":"closed","ping_status":"closed","template":"full-width.php","meta":{"footnotes":""},"class_list":["post-8729","page","type-page","status-publish","hentry"],"yoast_head":"<!-- This site is optimized with the Yoast SEO plugin v21.5 - https:\/\/yoast.com\/wordpress\/plugins\/seo\/ -->\n<title>Imprint - Herzatlas<\/title>\n<meta name=\"robots\" content=\"index, follow, max-snippet:-1, max-image-preview:large, max-video-preview:-1\" \/>\n<link rel=\"canonical\" href=\"https:\/\/herzatlas.com\/de\/destination-list-2\/\" \/>\n<meta property=\"og:locale\" content=\"de_DE\" \/>\n<meta property=\"og:type\" content=\"article\" \/>\n<meta property=\"og:title\" content=\"Imprint - Herzatlas\" \/>\n<meta property=\"og:description\" content=\"ImprinT CONTACT Gina G\u00fcntherSchwarze Str. 3145326 Essen Email: collab@herzatlas.com \u00a0 DISCLAIMER Liability for contents As a service provider, we are responsible for our own content on these pages in accordance with general legislation pursuant to \u00a7 7 paragraph 1 of [&hellip;]\" \/>\n<meta property=\"og:url\" content=\"https:\/\/herzatlas.com\/de\/destination-list-2\/\" \/>\n<meta property=\"og:site_name\" content=\"Herzatlas\" \/>\n<meta property=\"article:publisher\" content=\"https:\/\/www.facebook.com\/profile.php?id=100090279010092\" \/>\n<meta property=\"article:modified_time\" content=\"2023-11-12T12:23:44+00:00\" \/>\n<meta name=\"twitter:card\" content=\"summary_large_image\" \/>\n<meta name=\"twitter:label1\" content=\"Gesch\u00e4tzte Lesezeit\" \/>\n\t<meta name=\"twitter:data1\" content=\"3\u00a0Minuten\" \/>\n<script type=\"application\/ld+json\" class=\"yoast-schema-graph\">{\"@context\":\"https:\/\/schema.org\",\"@graph\":[{\"@type\":\"WebPage\",\"@id\":\"https:\/\/herzatlas.com\/destination-list-2\/\",\"url\":\"https:\/\/herzatlas.com\/destination-list-2\/\",\"name\":\"Imprint - Herzatlas\",\"isPartOf\":{\"@id\":\"https:\/\/herzatlas.com\/#website\"},\"datePublished\":\"2023-08-04T09:18:33+00:00\",\"dateModified\":\"2023-11-12T12:23:44+00:00\",\"breadcrumb\":{\"@id\":\"https:\/\/herzatlas.com\/destination-list-2\/#breadcrumb\"},\"inLanguage\":\"de\",\"potentialAction\":[{\"@type\":\"ReadAction\",\"target\":[\"https:\/\/herzatlas.com\/destination-list-2\/\"]}]},{\"@type\":\"BreadcrumbList\",\"@id\":\"https:\/\/herzatlas.com\/destination-list-2\/#breadcrumb\",\"itemListElement\":[{\"@type\":\"ListItem\",\"position\":1,\"name\":\"Startseite\",\"item\":\"https:\/\/herzatlas.com\/\"},{\"@type\":\"ListItem\",\"position\":2,\"name\":\"Imprint\"}]},{\"@type\":\"WebSite\",\"@id\":\"https:\/\/herzatlas.com\/#website\",\"url\":\"https:\/\/herzatlas.com\/\",\"name\":\"Herzatlas\",\"description\":\"Travel Blog and Photo Inspiration\",\"publisher\":{\"@id\":\"https:\/\/herzatlas.com\/#\/schema\/person\/820ec4c862bb2e9677cae23aa656edc7\"},\"potentialAction\":[{\"@type\":\"SearchAction\",\"target\":{\"@type\":\"EntryPoint\",\"urlTemplate\":\"https:\/\/herzatlas.com\/?s={search_term_string}\"},\"query-input\":\"required name=search_term_string\"}],\"inLanguage\":\"de\"},{\"@type\":[\"Person\",\"Organization\"],\"@id\":\"https:\/\/herzatlas.com\/#\/schema\/person\/820ec4c862bb2e9677cae23aa656edc7\",\"name\":\"Herzatlas\",\"logo\":{\"@id\":\"https:\/\/herzatlas.com\/#\/schema\/person\/image\/\"},\"sameAs\":[\"https:\/\/herzatlas.com\",\"https:\/\/www.facebook.com\/profile.php?id=100090279010092\",\"https:\/\/www.instagram.com\/herzatlas\/\",\"https:\/\/www.pinterest.de\/Herzatlas\/_created\/\"]}]}<\/script>\n<!-- \/ Yoast SEO plugin. -->","yoast_head_json":{"title":"Imprint - Herzatlas","robots":{"index":"index","follow":"follow","max-snippet":"max-snippet:-1","max-image-preview":"max-image-preview:large","max-video-preview":"max-video-preview:-1"},"canonical":"https:\/\/herzatlas.com\/de\/destination-list-2\/","og_locale":"de_DE","og_type":"article","og_title":"Imprint - Herzatlas","og_description":"ImprinT CONTACT Gina G\u00fcntherSchwarze Str. 3145326 Essen Email: collab@herzatlas.com \u00a0 DISCLAIMER Liability for contents As a service provider, we are responsible for our own content on these pages in accordance with general legislation pursuant to \u00a7 7 paragraph 1 of [&hellip;]","og_url":"https:\/\/herzatlas.com\/de\/destination-list-2\/","og_site_name":"Herzatlas","article_publisher":"https:\/\/www.facebook.com\/profile.php?id=100090279010092","article_modified_time":"2023-11-12T12:23:44+00:00","twitter_card":"summary_large_image","twitter_misc":{"Gesch\u00e4tzte Lesezeit":"3\u00a0Minuten"},"schema":{"@context":"https:\/\/schema.org","@graph":[{"@type":"WebPage","@id":"https:\/\/herzatlas.com\/destination-list-2\/","url":"https:\/\/herzatlas.com\/destination-list-2\/","name":"Imprint - Herzatlas","isPartOf":{"@id":"https:\/\/herzatlas.com\/#website"},"datePublished":"2023-08-04T09:18:33+00:00","dateModified":"2023-11-12T12:23:44+00:00","breadcrumb":{"@id":"https:\/\/herzatlas.com\/destination-list-2\/#breadcrumb"},"inLanguage":"de","potentialAction":[{"@type":"ReadAction","target":["https:\/\/herzatlas.com\/destination-list-2\/"]}]},{"@type":"BreadcrumbList","@id":"https:\/\/herzatlas.com\/destination-list-2\/#breadcrumb","itemListElement":[{"@type":"ListItem","position":1,"name":"Startseite","item":"https:\/\/herzatlas.com\/"},{"@type":"ListItem","position":2,"name":"Imprint"}]},{"@type":"WebSite","@id":"https:\/\/herzatlas.com\/#website","url":"https:\/\/herzatlas.com\/","name":"Herzatlas","description":"Travel Blog and Photo Inspiration","publisher":{"@id":"https:\/\/herzatlas.com\/#\/schema\/person\/820ec4c862bb2e9677cae23aa656edc7"},"potentialAction":[{"@type":"SearchAction","target":{"@type":"EntryPoint","urlTemplate":"https:\/\/herzatlas.com\/?s={search_term_string}"},"query-input":"required name=search_term_string"}],"inLanguage":"de"},{"@type":["Person","Organization"],"@id":"https:\/\/herzatlas.com\/#\/schema\/person\/820ec4c862bb2e9677cae23aa656edc7","name":"Herzatlas","logo":{"@id":"https:\/\/herzatlas.com\/#\/schema\/person\/image\/"},"sameAs":["https:\/\/herzatlas.com","https:\/\/www.facebook.com\/profile.php?id=100090279010092","https:\/\/www.instagram.com\/herzatlas\/","https:\/\/www.pinterest.de\/Herzatlas\/_created\/"]}]}},"_links":{"self":[{"href":"https:\/\/herzatlas.com\/de\/wp-json\/wp\/v2\/pages\/8729","targetHints":{"allow":["GET"]}}],"collection":[{"href":"https:\/\/herzatlas.com\/de\/wp-json\/wp\/v2\/pages"}],"about":[{"href":"https:\/\/herzatlas.com\/de\/wp-json\/wp\/v2\/types\/page"}],"author":[{"embeddable":true,"href":"https:\/\/herzatlas.com\/de\/wp-json\/wp\/v2\/users\/1"}],"replies":[{"embeddable":true,"href":"https:\/\/herzatlas.com\/de\/wp-json\/wp\/v2\/comments?post=8729"}],"version-history":[{"count":16,"href":"https:\/\/herzatlas.com\/de\/wp-json\/wp\/v2\/pages\/8729\/revisions"}],"predecessor-version":[{"id":8751,"href":"https:\/\/herzatlas.com\/de\/wp-json\/wp\/v2\/pages\/8729\/revisions\/8751"}],"wp:attachment":[{"href":"https:\/\/herzatlas.com\/de\/wp-json\/wp\/v2\/media?parent=8729"}],"curies":[{"name":"wp","href":"https:\/\/api.w.org\/{rel}","templated":true}]}}